{"id":253,"date":"2023-08-29T07:24:23","date_gmt":"2023-08-29T06:24:23","guid":{"rendered":"https:\/\/egaroa.com\/?page_id=253"},"modified":"2023-11-06T09:51:56","modified_gmt":"2023-11-06T08:51:56","slug":"politica-de-privacidad","status":"publish","type":"page","link":"https:\/\/egaroa.com\/es\/politica-de-privacidad\/","title":{"rendered":"Pol\u00edtica de privacidad"},"content":{"rendered":"<section class=\"l-section wpb_row height_medium\"><div class=\"l-section-h i-cf\"><div class=\"g-cols vc_row via_grid cols_1 laptops-cols_inherit tablets-cols_inherit mobiles-cols_1 valign_top type_default stacking_default\"><div class=\"wpb_column vc_column_container\"><div class=\"vc_column-inner\"><div class=\"wpb_text_column\"><div class=\"wpb_wrapper\"><p>La presente pol\u00edtica de privacidad tiene por objeto informar sobre los tratamientos de datos personales en este sitio web y describir los derechos de asistencia a los interesados, de conformidad con el Reglamento (UE) 2016\/679 del Parlamento Europeo y del Consejo, de 27 de abril de 2016, relativo a la protecci\u00f3n de las personas f\u00edsicas en lo que respecta al tratamiento de datos personales y a la libre circulaci\u00f3n de estos datos, y la protecci\u00f3n de los datos personales y garant\u00eda de los derechos digitales, de conformidad con la Ley Org\u00e1nica 3\/2018, de 5 de diciembre.<\/p>\n<p><strong>\u00bfQui\u00e9n es el responsable del tratamiento de sus datos personales?<\/strong><\/p>\n<ul>\n<li>Nombre de la entidad: GAROA LIB. &amp; WEB CONSULTING, SL<\/li>\n<li>CIF: B75038588<\/li>\n<li>Direcci\u00f3n: Trinitate kalea 7 Herria: 20800 Zarautz<\/li>\n<li>Tel\u00e9fono: +34 943 83 25 07<\/li>\n<li>Direcci\u00f3n electr\u00f3nica: info@egaroa.com<\/li>\n<\/ul>\n<p><strong>\u00bfCon qu\u00e9 finalidad recabamos sus datos?<\/strong><\/p>\n<p>GAROA LIB. &amp; WEB CONSULTING, SL almacena estos datos con la finalidad de poder ponerse en contacto con el interesado.<\/p>\n<p><strong>\u00bfDurante cu\u00e1nto tiempo se almacenan los datos?<\/strong><\/p>\n<p>Mientras no ordene que se retiren, sus datos se almacenar\u00e1n en el fichero de la base de datos de la web de GAROA LIB. &amp; WEB CONSULTING, SL<\/p>\n<p><strong>\u00bfQu\u00e9 nos legitima a utilizar sus datos?<\/strong><\/p>\n<p>La base legal para el tratamiento de los datos recabados a trav\u00e9s de la web egaroa.com de GAROA LIB. &amp; WEB CONSULTING, SL es la siguiente:<\/p>\n<p>a.\u00a0El consentimiento expreso que nos ha dado al inscribirse.<\/p>\n<p><strong>\u00bfA qui\u00e9n se le ceder\u00e1n sus datos?<\/strong><\/p>\n<p>GAROA LIB. &amp; WEB CONSULTING, SL no pondr\u00e1 estos datos a disposici\u00f3n de terceros.<\/p>\n<p><strong>\u00bfCu\u00e1les son sus derechos cuando nos facilita sus datos personales?<\/strong><\/p>\n<p>La persona que proporcione sus datos podr\u00e1 ejercer los siguientes derechos sobre los mismos:<\/p>\n<p>Derecho de acceso: La persona que facilite sus datos a GAROA LIB. &amp; WEB CONSULTING, SL podr\u00e1 solicitarle dichos datos para confirmar que est\u00e1 tratando sus datos personales.<\/p>\n<p>Derecho de rectificaci\u00f3n: La persona que facilite sus datos podr\u00e1 solicitar la rectificaci\u00f3n de sus datos personales a GAROA LIB. &amp; WEB CONSULTING, SL, si estos no son correctos o no est\u00e1n completos.<\/p>\n<p>Derecho de supresi\u00f3n: La persona que facilite sus datos podr\u00e1 solicitar a GAROA LIB. &amp; WEB CONSULTING, SL la supresi\u00f3n de sus datos personales, entre otros casos, cuando ya no sean necesarios para los objetivos para los que se recabaron.<\/p>\n<p>Derecho de oposici\u00f3n: La persona que facilite sus datos puede oponerse a que GAROA LIB. &amp; WEB CONSULTING, SL trate sus datos personales. En ese caso, GAROA LIB. &amp; WEB CONSULTING, SL solo los conservar\u00e1 para hacer reclamaciones o para protegerse de ellas.<\/p>\n<p>Derecho a limitar el tratamiento: La persona que facilite sus datos puede solicitar a GAROA LIB. &amp; WEB CONSULTING, SL que no utilice sus datos personales de forma provisional y para usos espec\u00edficos. En ese caso, GAROA LIB. &amp; WEB CONSULTING, SL solo los conservar\u00e1 para hacer reclamaciones o para protegerse de ellas.<\/p>\n<p>Derecho a la portabilidad: La persona que facilite sus datos podr\u00e1 solicitar a GAROA LIB. &amp; WEB CONSULTING, SL que facilite sus datos en un formato estructurado y de f\u00e1cil acceso. Del mismo modo, podr\u00e1 solicitarle que le entregue sus datos a otro responsable.<\/p>\n<p>Derecho a revocar el consentimiento: Si los datos personales se han obtenido con consentimiento expreso, la persona que facilite sus datos tendr\u00e1 derecho a revocar ese consentimiento en cualquier momento.<\/p>\n<p>Derecho a presentar reclamaciones: La persona que facilite sus datos tendr\u00e1 derecho a presentar una reclamaci\u00f3n ante la Agencia Espa\u00f1ola de Protecci\u00f3n de Datos, en particular si considera que el ejercicio de sus derechos no ha sido adecuado. Dicha reclamaci\u00f3n puede realizarse por v\u00eda telem\u00e1tica, a trav\u00e9s de la sede electr\u00f3nica (www.agpd.es) o dirigi\u00e9ndose a la siguiente direcci\u00f3n (C\/ Jorge Juan, 6, 28001-Madrid)<\/p>\n<p>Para ejercer cualquiera de estos derechos, la persona que facilite sus datos puede dirigirse a la direcci\u00f3n postal o la direcci\u00f3n electr\u00f3nica de GAROA LIB. &amp; WEB CONSULTING, SL, presentando una copia del DNI para poder comprobar su identidad.<\/p>\n<\/div><\/div><\/div><\/div><\/div><\/div><\/section>\n","protected":false},"excerpt":{"rendered":"La presente pol\u00edtica de privacidad tiene por objeto informar sobre los tratamientos de datos personales en este sitio web y describir los derechos de asistencia a los interesados, de conformidad con el Reglamento (UE) 2016\/679 del Parlamento Europeo y del Consejo, de 27 de abril de 2016, relativo a la protecci\u00f3n de las personas f\u00edsicas...","protected":false},"author":1,"featured_media":0,"parent":0,"menu_order":0,"comment_status":"closed","ping_status":"open","template":"","meta":{"_acf_changed":false,"footnotes":""},"class_list":["post-253","page","type-page","status-publish","hentry"],"acf":[],"_links":{"self":[{"href":"https:\/\/egaroa.com\/es\/wp-json\/wp\/v2\/pages\/253","targetHints":{"allow":["GET"]}}],"collection":[{"href":"https:\/\/egaroa.com\/es\/wp-json\/wp\/v2\/pages"}],"about":[{"href":"https:\/\/egaroa.com\/es\/wp-json\/wp\/v2\/types\/page"}],"author":[{"embeddable":true,"href":"https:\/\/egaroa.com\/es\/wp-json\/wp\/v2\/users\/1"}],"replies":[{"embeddable":true,"href":"https:\/\/egaroa.com\/es\/wp-json\/wp\/v2\/comments?post=253"}],"version-history":[{"count":2,"href":"https:\/\/egaroa.com\/es\/wp-json\/wp\/v2\/pages\/253\/revisions"}],"predecessor-version":[{"id":387,"href":"https:\/\/egaroa.com\/es\/wp-json\/wp\/v2\/pages\/253\/revisions\/387"}],"wp:attachment":[{"href":"https:\/\/egaroa.com\/es\/wp-json\/wp\/v2\/media?parent=253"}],"curies":[{"name":"wp","href":"https:\/\/api.w.org\/{rel}","templated":true}]}}