{"id":240,"date":"2023-08-29T12:25:03","date_gmt":"2023-08-29T11:25:03","guid":{"rendered":"https:\/\/egaroa.com\/?page_id=240"},"modified":"2023-11-06T11:57:42","modified_gmt":"2023-11-06T10:57:42","slug":"eventos","status":"publish","type":"page","link":"https:\/\/egaroa.com\/es\/eventos\/","title":{"rendered":"Eventos"},"content":{"rendered":"<section class=\"l-section wpb_row height_medium\"><div class=\"l-section-h i-cf\"><div class=\"g-cols vc_row via_grid cols_1 laptops-cols_inherit tablets-cols_inherit mobiles-cols_1 valign_top type_default stacking_default\"><div class=\"wpb_column vc_column_container\"><div class=\"vc_column-inner\"><div class=\"w-grid us_grid type_grid layout_83 cols_2 pagination_regular preload_style_spinner\" id=\"us_grid_1\" style=\"--columns:2;--gap:1.5rem;\" data-filterable=\"true\"><style>@media (max-width:600px){#us_grid_1{--columns:1!important}}.layout_83 .w-grid-item-h{}@media(max-width:479px){.layout_83 .usg_post_image_1{display:none!important}}.layout_83 .usg_hwrapper_1{color:var(--color-content-text)!important;margin-right:10%!important;padding-top:6%!important;padding-bottom:6%!important;background:var(--color-content-bg-alt)!important}.layout_83 .usg_vwrapper_1{width:48%!important;margin-left:6%!important;margin-right:0!important}.layout_83 .usg_post_image_1{width:50%!important;margin-left:7%!important;margin-right:-11%!important}.layout_83 .usg_post_title_1{font-size:1rem!important;line-height:1.2!important;font-weight:400!important;text-transform:uppercase!important;margin-bottom:10px!important}.layout_83 .usg_post_content_1{font-size:0.9rem!important}.layout_83 .usg_vwrapper_2{font-size:1.2rem!important;font-family:Arial,Helvetica,sans-serif!important;font-weight:700!important}@media (max-width:600px){.layout_83 .usg_hwrapper_1{margin-left:0!important;margin-right:0!important;padding-top:0!important;padding-bottom:0!important}.layout_83 .usg_vwrapper_1{width:86%!important;margin:7% 7% 5% 7%!important}.layout_83 .usg_post_image_1{width:100%!important;margin-left:0!important;margin-right:0!important}}<\/style><div class=\"w-grid-list\">\t<article class=\"w-grid-item size_1x1 post-2213 ekitaldia type-ekitaldia status-publish hentry\" data-id=\"2213\">\r\n\t\t<div class=\"w-grid-item-h\">\r\n\t\t\t\t\t\t<div class=\"w-hwrapper usg_hwrapper_1 has_text_color align_none valign_top wrap\" style=\"--hwrapper-gap:1.20rem\"><div class=\"w-vwrapper usg_vwrapper_1 align_none valign_top\"><div class=\"w-vwrapper usg_vwrapper_2 align_left valign_top\" style=\"--vwrapper-gap:0.3rem\"><div class=\"w-html usg_html_3\">2026\/04\/17<\/div><div class=\"w-html usg_html_2\">18:30<\/div><\/div><div class=\"w-image usg_image_1\"><div class=\"w-image-h\"><img decoding=\"async\" width=\"78\" height=\"12\" src=\"https:\/\/egaroa.com\/wp-content\/uploads\/2023\/09\/Linea-240.png\" class=\"attachment-full size-full\" alt=\"\" loading=\"lazy\" \/><\/div><\/div><h3 class=\"w-post-elm post_title usg_post_title_1 entry-title color_link_inherit\"><a href=\"https:\/\/egaroa.com\/es\/ekitaldia\/liburu-aurkezpena\/\">LIBURU AURKEZPENA<\/a><\/h3><div class=\"w-post-elm post_content usg_post_content_1\">Nola josten da eguneroko bizitza ospitaleko bizitzarekin? Nola josten dira eguneroko ogi barra erostera joatea, laneko nekea, toki denetara berandu iristeko premia, alokairuaren prezioa, lagunekin harturiko zerbezak, ingurukoen desira eta beharrak eta ospitaleko biztanle ajatuak, heriotzaren usaina, bisturi mota denak, jaioberrien poza, desinfektante usaina eta, berriz ere, ingurukoen desira eta beharrak? Medikua den idazlea da Arantzazu Lizartza, idazlea den medikua. Eguneroko ertzetan aurkitu&hellip;<\/div><\/div><\/div>\t\t<\/div>\r\n\t\t\t<\/article>\r\n\t<article class=\"w-grid-item size_1x1 post-2431 ekitaldia type-ekitaldia status-publish hentry\" data-id=\"2431\">\r\n\t\t<div class=\"w-grid-item-h\">\r\n\t\t\t\t\t\t<div class=\"w-hwrapper usg_hwrapper_1 has_text_color align_none valign_top wrap\" style=\"--hwrapper-gap:1.20rem\"><div class=\"w-vwrapper usg_vwrapper_1 align_none valign_top\"><div class=\"w-vwrapper usg_vwrapper_2 align_left valign_top\" style=\"--vwrapper-gap:0.3rem\"><div class=\"w-html usg_html_3\">2026\/04\/23<\/div><div class=\"w-html usg_html_2\">19:00<\/div><\/div><div class=\"w-image usg_image_1\"><div class=\"w-image-h\"><img decoding=\"async\" width=\"78\" height=\"12\" src=\"https:\/\/egaroa.com\/wp-content\/uploads\/2023\/09\/Linea-240.png\" class=\"attachment-full size-full\" alt=\"\" loading=\"lazy\" \/><\/div><\/div><h3 class=\"w-post-elm post_title usg_post_title_1 entry-title color_link_inherit\"><a href=\"https:\/\/egaroa.com\/es\/ekitaldia\/kontzertu-poetikoa\/\">KONTZERTU POETIKOA<\/a><\/h3><div class=\"w-post-elm post_content usg_post_content_1\">Eten kontzertu poetikoa Nekane Perez de Nanclaresen poesia eta Amaia Santamariaren musika eta ahotsa uztartzen dituen kolaborazio artistikoa da. Obrak hausnarketarako etenaldi bat proposatzen du, emozioen mundua aztertzeko bost etaparen bidez. Etapa horietan, hausturaren ondorengo berreraikitze pertsonala eta norberaren buruarekin berriro topo egiteko prozesua kontatzen dira. Konposizioetan zehar, gai unibertsalak jorratzen dira, hala nola amatasuna, sexu desira, ausentzien aurreko dolua eta barne beldurren&hellip;<\/div><\/div><\/div>\t\t<\/div>\r\n\t\t\t<\/article>\r\n\t<article class=\"w-grid-item size_1x1 post-2430 ekitaldia type-ekitaldia status-publish hentry\" data-id=\"2430\">\r\n\t\t<div class=\"w-grid-item-h\">\r\n\t\t\t\t\t\t<div class=\"w-hwrapper usg_hwrapper_1 has_text_color align_none valign_top wrap\" style=\"--hwrapper-gap:1.20rem\"><div class=\"w-vwrapper usg_vwrapper_1 align_none valign_top\"><div class=\"w-vwrapper usg_vwrapper_2 align_left valign_top\" style=\"--vwrapper-gap:0.3rem\"><div class=\"w-html usg_html_3\">2026\/04\/24<\/div><div class=\"w-html usg_html_2\">18:30<\/div><\/div><div class=\"w-image usg_image_1\"><div class=\"w-image-h\"><img decoding=\"async\" width=\"78\" height=\"12\" src=\"https:\/\/egaroa.com\/wp-content\/uploads\/2023\/09\/Linea-240.png\" class=\"attachment-full size-full\" alt=\"\" loading=\"lazy\" \/><\/div><\/div><h3 class=\"w-post-elm post_title usg_post_title_1 entry-title color_link_inherit\"><a href=\"https:\/\/egaroa.com\/es\/ekitaldia\/liburu-aurkezpena-2\/\">LIBURU AURKEZPENA<\/a><\/h3><div class=\"w-post-elm post_content usg_post_content_1\">El autor con una formaci\u00f3n b\u00e1sica industrial curs\u00f3 maestr\u00eda, peritaje e ingenier\u00eda mec\u00e1nica, compaginando estudios con el trabajo en los sectores de la bicicleta, la automoci\u00f3n y herramientas de mano, desempe\u00f1ando cargos directivos y creando unidades de I+D+I e innovaci\u00f3n empresarial. Convencido de la jubilaci\u00f3n activa y consciente del vertiginoso avance de las ciencias modernas, profundiza en temas que no eran materia de&hellip;<\/div><\/div><\/div>\t\t<\/div>\r\n\t\t\t<\/article>\r\n\t<article class=\"w-grid-item size_1x1 post-2484 ekitaldia type-ekitaldia status-publish hentry\" data-id=\"2484\">\r\n\t\t<div class=\"w-grid-item-h\">\r\n\t\t\t\t\t\t<div class=\"w-hwrapper usg_hwrapper_1 has_text_color align_none valign_top wrap\" style=\"--hwrapper-gap:1.20rem\"><div class=\"w-vwrapper usg_vwrapper_1 align_none valign_top\"><div class=\"w-vwrapper usg_vwrapper_2 align_left valign_top\" style=\"--vwrapper-gap:0.3rem\"><div class=\"w-html usg_html_3\">2026\/07\/01<\/div><div class=\"w-html usg_html_2\">00:00<\/div><\/div><div class=\"w-image usg_image_1\"><div class=\"w-image-h\"><img decoding=\"async\" width=\"78\" height=\"12\" src=\"https:\/\/egaroa.com\/wp-content\/uploads\/2023\/09\/Linea-240.png\" class=\"attachment-full size-full\" alt=\"\" loading=\"lazy\" \/><\/div><\/div><h3 class=\"w-post-elm post_title usg_post_title_1 entry-title color_link_inherit\"><a href=\"https:\/\/egaroa.com\/es\/ekitaldia\/aisialdi-kulturala\/\">AISIALDI KULTURALA<\/a><\/h3><div class=\"w-post-elm post_content usg_post_content_1\">Zer da Udako Kultur Aisialdia? 4-7 urte bitarteko haurrak kulturzaletzeko asmoz Garoak martxan jarri duen proiektu berria da Udako Kultur Aisialdia. Uztailean aisialdi talde bat sortuko ditugu. Hamabost eguneko txandak antolatuko ditugu, eta haur bakoitzak nahi adina txandetan eman ahal izango du izena. Udako Kultur Aisialdian haurrak harremanetan jarriko dira literatura, musika, literatura, antzerkia eta beste hainbat kultur diziplinarekin, beti ere horiek kalera&hellip;<\/div><\/div><\/div>\t\t<\/div>\r\n\t\t\t<\/article>\r\n<\/div>\t<div class=\"w-grid-preloader\">\r\n\t\t<div class=\"g-preloader type_1\">\r\n\t\t\t<div><\/div>\r\n\t\t<\/div>\r\n\t<\/div>\r\n\t\t<div class=\"w-grid-json hidden\" onclick='return {&quot;action&quot;:&quot;us_ajax_grid&quot;,&quot;infinite_scroll&quot;:0,&quot;max_num_pages&quot;:1,&quot;pagination&quot;:&quot;regular&quot;,&quot;template_vars&quot;:{&quot;columns&quot;:&quot;2&quot;,&quot;exclude_items&quot;:&quot;none&quot;,&quot;img_size&quot;:&quot;default&quot;,&quot;ignore_items_size&quot;:0,&quot;items_layout&quot;:&quot;83&quot;,&quot;items_offset&quot;:&quot;1&quot;,&quot;load_animation&quot;:&quot;none&quot;,&quot;overriding_link&quot;:&quot;%7B%22url%22%3A%22%22%7D&quot;,&quot;post_id&quot;:0,&quot;query_args&quot;:{&quot;post_type&quot;:[&quot;ekitaldia&quot;],&quot;post_status&quot;:[&quot;publish&quot;,&quot;acf-disabled&quot;],&quot;posts_per_page&quot;:&quot;10&quot;},&quot;orderby_query_args&quot;:{&quot;orderby&quot;:&quot;custom_field&quot;,&quot;meta_key&quot;:&quot;noiz&quot;,&quot;order&quot;:&quot;DESC&quot;},&quot;type&quot;:&quot;grid&quot;,&quot;us_grid_post_type&quot;:&quot;ekitaldia&quot;,&quot;us_grid_ajax_index&quot;:1,&quot;us_grid_filter_query_string&quot;:null,&quot;us_grid_index&quot;:1,&quot;page_args&quot;:[],&quot;lang&quot;:&quot;es&quot;}}'><\/div>\r\n\t<\/div><\/div><\/div><\/div><\/div><\/section>\n","protected":false},"excerpt":{"rendered":"Zer da Udako Kultur Aisialdia? 4-7 urte bitarteko haurrak kulturzaletzeko asmoz Garoak martxan jarri duen proiektu berria da Udako Kultur Aisialdia. Uztailean aisialdi talde bat sortuko ditugu. Hamabost eguneko txandak antolatuko ditugu, eta haur bakoitzak nahi adina txandetan eman ahal izango du izena. Udako Kultur Aisialdian haurrak harremanetan jarriko dira literatura, musika, literatura, antzerkia eta...","protected":false},"author":1,"featured_media":0,"parent":0,"menu_order":0,"comment_status":"closed","ping_status":"closed","template":"","meta":{"_acf_changed":false,"footnotes":""},"class_list":["post-240","page","type-page","status-publish","hentry"],"acf":[],"_links":{"self":[{"href":"https:\/\/egaroa.com\/es\/wp-json\/wp\/v2\/pages\/240","targetHints":{"allow":["GET"]}}],"collection":[{"href":"https:\/\/egaroa.com\/es\/wp-json\/wp\/v2\/pages"}],"about":[{"href":"https:\/\/egaroa.com\/es\/wp-json\/wp\/v2\/types\/page"}],"author":[{"embeddable":true,"href":"https:\/\/egaroa.com\/es\/wp-json\/wp\/v2\/users\/1"}],"replies":[{"embeddable":true,"href":"https:\/\/egaroa.com\/es\/wp-json\/wp\/v2\/comments?post=240"}],"version-history":[{"count":4,"href":"https:\/\/egaroa.com\/es\/wp-json\/wp\/v2\/pages\/240\/revisions"}],"predecessor-version":[{"id":393,"href":"https:\/\/egaroa.com\/es\/wp-json\/wp\/v2\/pages\/240\/revisions\/393"}],"wp:attachment":[{"href":"https:\/\/egaroa.com\/es\/wp-json\/wp\/v2\/media?parent=240"}],"curies":[{"name":"wp","href":"https:\/\/api.w.org\/{rel}","templated":true}]}}