{"id":238,"date":"2023-08-29T12:24:55","date_gmt":"2023-08-29T11:24:55","guid":{"rendered":"https:\/\/egaroa.com\/?page_id=238"},"modified":"2023-11-03T13:22:03","modified_gmt":"2023-11-03T12:22:03","slug":"libreria","status":"publish","type":"page","link":"https:\/\/egaroa.com\/es\/libreria\/","title":{"rendered":"Librer\u00eda"},"content":{"rendered":"<section class=\"l-section wpb_row height_medium\"><div class=\"l-section-h i-cf\"><div class=\"g-cols vc_row via_grid cols_2 laptops-cols_inherit tablets-cols_inherit mobiles-cols_1 valign_top type_default stacking_default\" style=\"--columns-gap:8rem;\"><div class=\"wpb_column vc_column_container\"><div class=\"vc_column-inner\"><div class=\"wpb_text_column\"><div class=\"wpb_wrapper\"><h3><strong>Garoa, una nueva librer\u00eda<\/strong><br \/>\n<strong>fundada en 1973<\/strong><\/h3>\n<p>Todas las historias tienen un inicio, la nuestra empieza cuando Flor e Imanol abrieron la librer\u00eda. Desde hace m\u00e1s de medio siglo procuramos enriquecer la experiencia literaria de todo aquel que conf\u00ede en nuestro paladar literario. Intentamos ser un intermediario digno entre el escritor y el lector. Nada m\u00e1s, pero nada menos, una librer\u00eda.<\/p>\n<\/div><\/div><div class=\"w-separator size_small\"><\/div><div class=\"w-vwrapper us_custom_6647904c align_none valign_top\"><div class=\"w-image align_none\"><div class=\"w-image-h\"><img decoding=\"async\" width=\"167\" height=\"34\" src=\"https:\/\/egaroa.com\/wp-content\/uploads\/2023\/09\/Ilustracion-2-1.png\" class=\"attachment-large size-large\" alt=\"\" loading=\"lazy\" \/><\/div><\/div><div class=\"wpb_text_column\"><div class=\"wpb_wrapper\"><p>Trinitate kalea 7<br \/>\nES 20800 Zarautz<br \/>\n+34 943 83 25 07 | info@egaroa.com<\/p>\n<\/div><\/div><div class=\"wpb_text_column\"><div class=\"wpb_wrapper\"><p>De Lunes a Viernes: 9:00-13:00 \/ 16:30-20:00<br \/>\nS\u00e1bados: 9:30-13:00 \/ 17:00-20:00<\/p>\n<\/div><\/div><\/div><div class=\"w-separator size_medium\"><\/div><div class=\"w-image align_none\"><div class=\"w-image-h\"><img decoding=\"async\" width=\"510\" height=\"600\" src=\"https:\/\/egaroa.com\/wp-content\/uploads\/2023\/10\/garoa-zaharrak-1.png\" class=\"attachment-full size-full\" alt=\"\" loading=\"lazy\" srcset=\"https:\/\/egaroa.com\/wp-content\/uploads\/2023\/10\/garoa-zaharrak-1.png 510w, https:\/\/egaroa.com\/wp-content\/uploads\/2023\/10\/garoa-zaharrak-1-255x300.png 255w\" sizes=\"auto, (max-width: 510px) 100vw, 510px\" \/><\/div><\/div><\/div><\/div><div class=\"wpb_column vc_column_container\"><div class=\"vc_column-inner\"><div class=\"w-hwrapper us_custom_d74b8567 valign_middle wrap align_justify\" style=\"--hwrapper-gap:0rem\"><div class=\"wpb_text_column us_custom_b52eda84\"><div class=\"wpb_wrapper\"><h4>Imanol.<\/h4>\n<p>Soy un traficante de letras en un mundo de lectores-clientes libinidosos preocupados por el aspecto externo de los libros. Un \u00ablibrero de confianza\u00bb quien elige a aquel sobre quien depositar\u00e1 su sabidur\u00eda libresca.<\/p>\n<\/div><\/div><div class=\"w-image us_custom_ad0f0618 align_none\"><div class=\"w-image-h\"><img decoding=\"async\" width=\"800\" height=\"1000\" src=\"https:\/\/egaroa.com\/wp-content\/uploads\/2023\/10\/imanol.png\" class=\"attachment-large size-large\" alt=\"\" loading=\"lazy\" srcset=\"https:\/\/egaroa.com\/wp-content\/uploads\/2023\/10\/imanol.png 800w, https:\/\/egaroa.com\/wp-content\/uploads\/2023\/10\/imanol-240x300.png 240w\" sizes=\"auto, (max-width: 800px) 100vw, 800px\" \/><\/div><\/div><\/div><div class=\"w-separator size_medium\"><\/div><div class=\"w-hwrapper us_custom_d74b8567 valign_middle wrap align_justify\" style=\"--hwrapper-gap:0rem\"><div class=\"wpb_text_column us_custom_b52eda84\"><div class=\"wpb_wrapper\"><h4>Ibai.<\/h4>\n<p>A los tres a\u00f1os decid\u00ed que quer\u00eda ser astronauta. Pensaba que la \u00fanica manera de viajar a otros planetas era hacerme con una nave espacial. Con el tiempo me he dado cuenta que puedo hacer lo mismo pero a trav\u00e9s de los libros; m\u00e1s c\u00f3modo, m\u00e1s r\u00e1pido y m\u00e1s divertido!<\/p>\n<\/div><\/div><div class=\"w-image us_custom_ad0f0618 align_none\"><div class=\"w-image-h\"><img decoding=\"async\" width=\"800\" height=\"1000\" src=\"https:\/\/egaroa.com\/wp-content\/uploads\/2023\/10\/ibai.png\" class=\"attachment-large size-large\" alt=\"\" loading=\"lazy\" srcset=\"https:\/\/egaroa.com\/wp-content\/uploads\/2023\/10\/ibai.png 800w, https:\/\/egaroa.com\/wp-content\/uploads\/2023\/10\/ibai-240x300.png 240w\" sizes=\"auto, (max-width: 800px) 100vw, 800px\" \/><\/div><\/div><\/div><div class=\"w-separator size_medium\"><\/div><div class=\"w-hwrapper us_custom_d74b8567 valign_middle wrap align_justify\" style=\"--hwrapper-gap:0rem\"><div class=\"wpb_text_column us_custom_b52eda84\"><div class=\"wpb_wrapper\"><h4>Olatz.<\/h4>\n<p>Si tuviese que escoger un s\u00f3lo libro ser\u00eda&#8230; No. Imposible. Me gustan mucho las novelas, los cuentos, la poes\u00eda. Contempor\u00e1neos, cl\u00e1sicos. Me da igual. Mi \u00fanico lugar seguro son los libros.<\/p>\n<\/div><\/div><div class=\"w-image us_custom_ad0f0618 align_none\"><div class=\"w-image-h\"><img decoding=\"async\" width=\"800\" height=\"1000\" src=\"https:\/\/egaroa.com\/wp-content\/uploads\/2023\/10\/olatz.png\" class=\"attachment-large size-large\" alt=\"\" loading=\"lazy\" srcset=\"https:\/\/egaroa.com\/wp-content\/uploads\/2023\/10\/olatz.png 800w, https:\/\/egaroa.com\/wp-content\/uploads\/2023\/10\/olatz-240x300.png 240w\" sizes=\"auto, (max-width: 800px) 100vw, 800px\" \/><\/div><\/div><\/div><\/div><\/div><\/div><\/div><\/section>\n","protected":false},"excerpt":{"rendered":"Garoa, una nueva librer\u00eda fundada en 1973 Todas las historias tienen un inicio, la nuestra empieza cuando Flor e Imanol abrieron la librer\u00eda. Desde hace m\u00e1s de medio siglo procuramos enriquecer la experiencia literaria de todo aquel que conf\u00ede en nuestro paladar literario. Intentamos ser un intermediario digno entre el escritor y el lector. Nada...","protected":false},"author":1,"featured_media":0,"parent":0,"menu_order":0,"comment_status":"closed","ping_status":"closed","template":"","meta":{"_acf_changed":false,"footnotes":""},"class_list":["post-238","page","type-page","status-publish","hentry"],"acf":[],"_links":{"self":[{"href":"https:\/\/egaroa.com\/es\/wp-json\/wp\/v2\/pages\/238","targetHints":{"allow":["GET"]}}],"collection":[{"href":"https:\/\/egaroa.com\/es\/wp-json\/wp\/v2\/pages"}],"about":[{"href":"https:\/\/egaroa.com\/es\/wp-json\/wp\/v2\/types\/page"}],"author":[{"embeddable":true,"href":"https:\/\/egaroa.com\/es\/wp-json\/wp\/v2\/users\/1"}],"replies":[{"embeddable":true,"href":"https:\/\/egaroa.com\/es\/wp-json\/wp\/v2\/comments?post=238"}],"version-history":[{"count":13,"href":"https:\/\/egaroa.com\/es\/wp-json\/wp\/v2\/pages\/238\/revisions"}],"predecessor-version":[{"id":344,"href":"https:\/\/egaroa.com\/es\/wp-json\/wp\/v2\/pages\/238\/revisions\/344"}],"wp:attachment":[{"href":"https:\/\/egaroa.com\/es\/wp-json\/wp\/v2\/media?parent=238"}],"curies":[{"name":"wp","href":"https:\/\/api.w.org\/{rel}","templated":true}]}}